{"id":364,"date":"2020-10-20T17:08:23","date_gmt":"2020-10-20T15:08:23","guid":{"rendered":"https:\/\/tjsokollucice.cz\/?page_id=364"},"modified":"2021-02-01T13:11:28","modified_gmt":"2021-02-01T12:11:28","slug":"golmani-lucice","status":"publish","type":"page","link":"https:\/\/tjsokollucice.cz\/index.php\/golmani-lucice\/","title":{"rendered":"Golmani Lu\u010dice"},"content":{"rendered":"\n<p><strong>Ku\u010d\u00edrek  Vladislav, <\/strong><\/p>\n\n\n\n<p>rod\u00e1k  z  Vesel\u00e9ho \u017d\u010f\u00e1ru a dnes chalupa v Lu\u010dici v Rokl\u00edch <\/p>\n\n\n\n<p><\/p>\n\n\n\n<figure class=\"wp-block-image size-large\"><img loading=\"lazy\" decoding=\"async\" width=\"768\" height=\"1024\" src=\"https:\/\/tjsokollucice.cz\/wp-content\/uploads\/2020\/10\/IMG_1638-768x1024.jpeg\" alt=\"\" class=\"wp-image-365\" srcset=\"https:\/\/tjsokollucice.cz\/wp-content\/uploads\/2020\/10\/IMG_1638-768x1024.jpeg 768w, https:\/\/tjsokollucice.cz\/wp-content\/uploads\/2020\/10\/IMG_1638-225x300.jpeg 225w, https:\/\/tjsokollucice.cz\/wp-content\/uploads\/2020\/10\/IMG_1638-1152x1536.jpeg 1152w, https:\/\/tjsokollucice.cz\/wp-content\/uploads\/2020\/10\/IMG_1638-1536x2048.jpeg 1536w, https:\/\/tjsokollucice.cz\/wp-content\/uploads\/2020\/10\/IMG_1638-scaled.jpeg 1920w\" sizes=\"auto, (max-width: 706px) 89vw, (max-width: 767px) 82vw, 740px\" \/><\/figure>\n\n\n\n<p><\/p>\n\n\n\n<figure class=\"wp-block-image size-large\"><img loading=\"lazy\" decoding=\"async\" width=\"768\" height=\"1024\" src=\"https:\/\/tjsokollucice.cz\/wp-content\/uploads\/2020\/10\/IMG_1639-768x1024.jpeg\" alt=\"\" class=\"wp-image-366\" srcset=\"https:\/\/tjsokollucice.cz\/wp-content\/uploads\/2020\/10\/IMG_1639-768x1024.jpeg 768w, https:\/\/tjsokollucice.cz\/wp-content\/uploads\/2020\/10\/IMG_1639-225x300.jpeg 225w, https:\/\/tjsokollucice.cz\/wp-content\/uploads\/2020\/10\/IMG_1639-1152x1536.jpeg 1152w, https:\/\/tjsokollucice.cz\/wp-content\/uploads\/2020\/10\/IMG_1639-1536x2048.jpeg 1536w, https:\/\/tjsokollucice.cz\/wp-content\/uploads\/2020\/10\/IMG_1639-scaled.jpeg 1920w\" sizes=\"auto, (max-width: 706px) 89vw, (max-width: 767px) 82vw, 740px\" \/><\/figure>\n\n\n\n<figure class=\"wp-block-image size-large\"><img loading=\"lazy\" decoding=\"async\" width=\"1024\" height=\"768\" src=\"https:\/\/tjsokollucice.cz\/wp-content\/uploads\/2020\/10\/IMG_1640-1024x768.jpeg\" alt=\"\" class=\"wp-image-367\" srcset=\"https:\/\/tjsokollucice.cz\/wp-content\/uploads\/2020\/10\/IMG_1640-1024x768.jpeg 1024w, https:\/\/tjsokollucice.cz\/wp-content\/uploads\/2020\/10\/IMG_1640-300x225.jpeg 300w, https:\/\/tjsokollucice.cz\/wp-content\/uploads\/2020\/10\/IMG_1640-768x576.jpeg 768w, https:\/\/tjsokollucice.cz\/wp-content\/uploads\/2020\/10\/IMG_1640-1536x1152.jpeg 1536w, https:\/\/tjsokollucice.cz\/wp-content\/uploads\/2020\/10\/IMG_1640-2048x1536.jpeg 2048w\" sizes=\"auto, (max-width: 706px) 89vw, (max-width: 767px) 82vw, 740px\" \/><\/figure>\n\n\n\n<figure class=\"wp-block-image size-large\"><img loading=\"lazy\" decoding=\"async\" width=\"768\" height=\"1024\" src=\"https:\/\/tjsokollucice.cz\/wp-content\/uploads\/2020\/10\/IMG_1641-768x1024.jpeg\" alt=\"\" class=\"wp-image-368\" srcset=\"https:\/\/tjsokollucice.cz\/wp-content\/uploads\/2020\/10\/IMG_1641-768x1024.jpeg 768w, https:\/\/tjsokollucice.cz\/wp-content\/uploads\/2020\/10\/IMG_1641-225x300.jpeg 225w, https:\/\/tjsokollucice.cz\/wp-content\/uploads\/2020\/10\/IMG_1641-1152x1536.jpeg 1152w, https:\/\/tjsokollucice.cz\/wp-content\/uploads\/2020\/10\/IMG_1641-1536x2048.jpeg 1536w, https:\/\/tjsokollucice.cz\/wp-content\/uploads\/2020\/10\/IMG_1641-scaled.jpeg 1920w\" sizes=\"auto, (max-width: 706px) 89vw, (max-width: 767px) 82vw, 740px\" \/><\/figure>\n\n\n\n<figure class=\"wp-block-image size-large\"><img loading=\"lazy\" decoding=\"async\" width=\"1024\" height=\"768\" src=\"https:\/\/tjsokollucice.cz\/wp-content\/uploads\/2020\/10\/IMG_1642-1024x768.jpeg\" alt=\"\" class=\"wp-image-369\" srcset=\"https:\/\/tjsokollucice.cz\/wp-content\/uploads\/2020\/10\/IMG_1642-1024x768.jpeg 1024w, https:\/\/tjsokollucice.cz\/wp-content\/uploads\/2020\/10\/IMG_1642-300x225.jpeg 300w, https:\/\/tjsokollucice.cz\/wp-content\/uploads\/2020\/10\/IMG_1642-768x576.jpeg 768w, https:\/\/tjsokollucice.cz\/wp-content\/uploads\/2020\/10\/IMG_1642-1536x1152.jpeg 1536w, https:\/\/tjsokollucice.cz\/wp-content\/uploads\/2020\/10\/IMG_1642-2048x1536.jpeg 2048w\" sizes=\"auto, (max-width: 706px) 89vw, (max-width: 767px) 82vw, 740px\" \/><\/figure>\n\n\n\n<figure class=\"wp-block-image size-large\"><img loading=\"lazy\" decoding=\"async\" width=\"1024\" height=\"768\" src=\"https:\/\/tjsokollucice.cz\/wp-content\/uploads\/2020\/10\/IMG_1643-1024x768.jpeg\" alt=\"\" class=\"wp-image-370\" srcset=\"https:\/\/tjsokollucice.cz\/wp-content\/uploads\/2020\/10\/IMG_1643-1024x768.jpeg 1024w, https:\/\/tjsokollucice.cz\/wp-content\/uploads\/2020\/10\/IMG_1643-300x225.jpeg 300w, https:\/\/tjsokollucice.cz\/wp-content\/uploads\/2020\/10\/IMG_1643-768x576.jpeg 768w, https:\/\/tjsokollucice.cz\/wp-content\/uploads\/2020\/10\/IMG_1643-1536x1152.jpeg 1536w, https:\/\/tjsokollucice.cz\/wp-content\/uploads\/2020\/10\/IMG_1643-2048x1536.jpeg 2048w\" sizes=\"auto, (max-width: 706px) 89vw, (max-width: 767px) 82vw, 740px\" \/><\/figure>\n","protected":false},"excerpt":{"rendered":"<p>Ku\u010d\u00edrek Vladislav, rod\u00e1k z Vesel\u00e9ho \u017d\u010f\u00e1ru a dnes chalupa v Lu\u010dici v Rokl\u00edch<\/p>\n","protected":false},"author":3,"featured_media":0,"parent":0,"menu_order":0,"comment_status":"closed","ping_status":"closed","template":"","meta":{"footnotes":""},"class_list":["post-364","page","type-page","status-publish","hentry"],"yoast_head":"<!-- This site is optimized with the Yoast SEO plugin v27.4 - https:\/\/yoast.com\/product\/yoast-seo-wordpress\/ -->\n<title>Golmani Lu\u010dice - TJ Sokol Lu\u010dice<\/title>\n<meta name=\"robots\" content=\"index, follow, max-snippet:-1, max-image-preview:large, max-video-preview:-1\" \/>\n<link rel=\"canonical\" href=\"https:\/\/tjsokollucice.cz\/index.php\/golmani-lucice\/\" \/>\n<meta property=\"og:locale\" content=\"cs_CZ\" \/>\n<meta property=\"og:type\" content=\"article\" \/>\n<meta property=\"og:title\" content=\"Golmani Lu\u010dice - TJ Sokol Lu\u010dice\" \/>\n<meta property=\"og:description\" content=\"Ku\u010d\u00edrek Vladislav, rod\u00e1k z Vesel\u00e9ho \u017d\u010f\u00e1ru a dnes chalupa v Lu\u010dici v Rokl\u00edch\" \/>\n<meta property=\"og:url\" content=\"https:\/\/tjsokollucice.cz\/index.php\/golmani-lucice\/\" \/>\n<meta property=\"og:site_name\" content=\"TJ Sokol Lu\u010dice\" \/>\n<meta property=\"article:modified_time\" content=\"2021-02-01T12:11:28+00:00\" \/>\n<meta property=\"og:image\" content=\"https:\/\/tjsokollucice.cz\/wp-content\/uploads\/2020\/10\/IMG_1638-768x1024.jpeg\" \/>\n<meta name=\"twitter:card\" content=\"summary_large_image\" \/>\n<meta name=\"twitter:label1\" content=\"Odhadovan\u00e1 doba \u010dten\u00ed\" \/>\n\t<meta name=\"twitter:data1\" content=\"2 minuty\" \/>\n<script type=\"application\/ld+json\" class=\"yoast-schema-graph\">{\"@context\":\"https:\\\/\\\/schema.org\",\"@graph\":[{\"@type\":\"WebPage\",\"@id\":\"https:\\\/\\\/tjsokollucice.cz\\\/index.php\\\/golmani-lucice\\\/\",\"url\":\"https:\\\/\\\/tjsokollucice.cz\\\/index.php\\\/golmani-lucice\\\/\",\"name\":\"Golmani Lu\u010dice - TJ Sokol Lu\u010dice\",\"isPartOf\":{\"@id\":\"https:\\\/\\\/tjsokollucice.cz\\\/#website\"},\"primaryImageOfPage\":{\"@id\":\"https:\\\/\\\/tjsokollucice.cz\\\/index.php\\\/golmani-lucice\\\/#primaryimage\"},\"image\":{\"@id\":\"https:\\\/\\\/tjsokollucice.cz\\\/index.php\\\/golmani-lucice\\\/#primaryimage\"},\"thumbnailUrl\":\"https:\\\/\\\/tjsokollucice.cz\\\/wp-content\\\/uploads\\\/2020\\\/10\\\/IMG_1638-768x1024.jpeg\",\"datePublished\":\"2020-10-20T15:08:23+00:00\",\"dateModified\":\"2021-02-01T12:11:28+00:00\",\"breadcrumb\":{\"@id\":\"https:\\\/\\\/tjsokollucice.cz\\\/index.php\\\/golmani-lucice\\\/#breadcrumb\"},\"inLanguage\":\"cs\",\"potentialAction\":[{\"@type\":\"ReadAction\",\"target\":[\"https:\\\/\\\/tjsokollucice.cz\\\/index.php\\\/golmani-lucice\\\/\"]}]},{\"@type\":\"ImageObject\",\"inLanguage\":\"cs\",\"@id\":\"https:\\\/\\\/tjsokollucice.cz\\\/index.php\\\/golmani-lucice\\\/#primaryimage\",\"url\":\"https:\\\/\\\/tjsokollucice.cz\\\/wp-content\\\/uploads\\\/2020\\\/10\\\/IMG_1638-768x1024.jpeg\",\"contentUrl\":\"https:\\\/\\\/tjsokollucice.cz\\\/wp-content\\\/uploads\\\/2020\\\/10\\\/IMG_1638-768x1024.jpeg\"},{\"@type\":\"BreadcrumbList\",\"@id\":\"https:\\\/\\\/tjsokollucice.cz\\\/index.php\\\/golmani-lucice\\\/#breadcrumb\",\"itemListElement\":[{\"@type\":\"ListItem\",\"position\":1,\"name\":\"Dom\u016f\",\"item\":\"https:\\\/\\\/tjsokollucice.cz\\\/\"},{\"@type\":\"ListItem\",\"position\":2,\"name\":\"Golmani Lu\u010dice\"}]},{\"@type\":\"WebSite\",\"@id\":\"https:\\\/\\\/tjsokollucice.cz\\\/#website\",\"url\":\"https:\\\/\\\/tjsokollucice.cz\\\/\",\"name\":\"TJ Sokol Lu\u010dice\",\"description\":\"Fotbalov\u00fd klub TJ Sokol Lu\u010dice\",\"publisher\":{\"@id\":\"https:\\\/\\\/tjsokollucice.cz\\\/#organization\"},\"potentialAction\":[{\"@type\":\"SearchAction\",\"target\":{\"@type\":\"EntryPoint\",\"urlTemplate\":\"https:\\\/\\\/tjsokollucice.cz\\\/?s={search_term_string}\"},\"query-input\":{\"@type\":\"PropertyValueSpecification\",\"valueRequired\":true,\"valueName\":\"search_term_string\"}}],\"inLanguage\":\"cs\"},{\"@type\":\"Organization\",\"@id\":\"https:\\\/\\\/tjsokollucice.cz\\\/#organization\",\"name\":\"TJ Sokol Lu\u010dice\",\"url\":\"https:\\\/\\\/tjsokollucice.cz\\\/\",\"logo\":{\"@type\":\"ImageObject\",\"inLanguage\":\"cs\",\"@id\":\"https:\\\/\\\/tjsokollucice.cz\\\/#\\\/schema\\\/logo\\\/image\\\/\",\"url\":\"https:\\\/\\\/tjsokollucice.cz\\\/wp-content\\\/uploads\\\/2019\\\/11\\\/cropped-Tj-sokol-Lucice-logo-scaled.png\",\"contentUrl\":\"https:\\\/\\\/tjsokollucice.cz\\\/wp-content\\\/uploads\\\/2019\\\/11\\\/cropped-Tj-sokol-Lucice-logo-scaled.png\",\"width\":249,\"height\":250,\"caption\":\"TJ Sokol Lu\u010dice\"},\"image\":{\"@id\":\"https:\\\/\\\/tjsokollucice.cz\\\/#\\\/schema\\\/logo\\\/image\\\/\"}}]}<\/script>\n<!-- \/ Yoast SEO plugin. -->","yoast_head_json":{"title":"Golmani Lu\u010dice - TJ Sokol Lu\u010dice","robots":{"index":"index","follow":"follow","max-snippet":"max-snippet:-1","max-image-preview":"max-image-preview:large","max-video-preview":"max-video-preview:-1"},"canonical":"https:\/\/tjsokollucice.cz\/index.php\/golmani-lucice\/","og_locale":"cs_CZ","og_type":"article","og_title":"Golmani Lu\u010dice - TJ Sokol Lu\u010dice","og_description":"Ku\u010d\u00edrek Vladislav, rod\u00e1k z Vesel\u00e9ho \u017d\u010f\u00e1ru a dnes chalupa v Lu\u010dici v Rokl\u00edch","og_url":"https:\/\/tjsokollucice.cz\/index.php\/golmani-lucice\/","og_site_name":"TJ Sokol Lu\u010dice","article_modified_time":"2021-02-01T12:11:28+00:00","og_image":[{"url":"https:\/\/tjsokollucice.cz\/wp-content\/uploads\/2020\/10\/IMG_1638-768x1024.jpeg","type":"","width":"","height":""}],"twitter_card":"summary_large_image","twitter_misc":{"Odhadovan\u00e1 doba \u010dten\u00ed":"2 minuty"},"schema":{"@context":"https:\/\/schema.org","@graph":[{"@type":"WebPage","@id":"https:\/\/tjsokollucice.cz\/index.php\/golmani-lucice\/","url":"https:\/\/tjsokollucice.cz\/index.php\/golmani-lucice\/","name":"Golmani Lu\u010dice - TJ Sokol Lu\u010dice","isPartOf":{"@id":"https:\/\/tjsokollucice.cz\/#website"},"primaryImageOfPage":{"@id":"https:\/\/tjsokollucice.cz\/index.php\/golmani-lucice\/#primaryimage"},"image":{"@id":"https:\/\/tjsokollucice.cz\/index.php\/golmani-lucice\/#primaryimage"},"thumbnailUrl":"https:\/\/tjsokollucice.cz\/wp-content\/uploads\/2020\/10\/IMG_1638-768x1024.jpeg","datePublished":"2020-10-20T15:08:23+00:00","dateModified":"2021-02-01T12:11:28+00:00","breadcrumb":{"@id":"https:\/\/tjsokollucice.cz\/index.php\/golmani-lucice\/#breadcrumb"},"inLanguage":"cs","potentialAction":[{"@type":"ReadAction","target":["https:\/\/tjsokollucice.cz\/index.php\/golmani-lucice\/"]}]},{"@type":"ImageObject","inLanguage":"cs","@id":"https:\/\/tjsokollucice.cz\/index.php\/golmani-lucice\/#primaryimage","url":"https:\/\/tjsokollucice.cz\/wp-content\/uploads\/2020\/10\/IMG_1638-768x1024.jpeg","contentUrl":"https:\/\/tjsokollucice.cz\/wp-content\/uploads\/2020\/10\/IMG_1638-768x1024.jpeg"},{"@type":"BreadcrumbList","@id":"https:\/\/tjsokollucice.cz\/index.php\/golmani-lucice\/#breadcrumb","itemListElement":[{"@type":"ListItem","position":1,"name":"Dom\u016f","item":"https:\/\/tjsokollucice.cz\/"},{"@type":"ListItem","position":2,"name":"Golmani Lu\u010dice"}]},{"@type":"WebSite","@id":"https:\/\/tjsokollucice.cz\/#website","url":"https:\/\/tjsokollucice.cz\/","name":"TJ Sokol Lu\u010dice","description":"Fotbalov\u00fd klub TJ Sokol Lu\u010dice","publisher":{"@id":"https:\/\/tjsokollucice.cz\/#organization"},"potentialAction":[{"@type":"SearchAction","target":{"@type":"EntryPoint","urlTemplate":"https:\/\/tjsokollucice.cz\/?s={search_term_string}"},"query-input":{"@type":"PropertyValueSpecification","valueRequired":true,"valueName":"search_term_string"}}],"inLanguage":"cs"},{"@type":"Organization","@id":"https:\/\/tjsokollucice.cz\/#organization","name":"TJ Sokol Lu\u010dice","url":"https:\/\/tjsokollucice.cz\/","logo":{"@type":"ImageObject","inLanguage":"cs","@id":"https:\/\/tjsokollucice.cz\/#\/schema\/logo\/image\/","url":"https:\/\/tjsokollucice.cz\/wp-content\/uploads\/2019\/11\/cropped-Tj-sokol-Lucice-logo-scaled.png","contentUrl":"https:\/\/tjsokollucice.cz\/wp-content\/uploads\/2019\/11\/cropped-Tj-sokol-Lucice-logo-scaled.png","width":249,"height":250,"caption":"TJ Sokol Lu\u010dice"},"image":{"@id":"https:\/\/tjsokollucice.cz\/#\/schema\/logo\/image\/"}}]}},"_links":{"self":[{"href":"https:\/\/tjsokollucice.cz\/index.php\/wp-json\/wp\/v2\/pages\/364","targetHints":{"allow":["GET"]}}],"collection":[{"href":"https:\/\/tjsokollucice.cz\/index.php\/wp-json\/wp\/v2\/pages"}],"about":[{"href":"https:\/\/tjsokollucice.cz\/index.php\/wp-json\/wp\/v2\/types\/page"}],"author":[{"embeddable":true,"href":"https:\/\/tjsokollucice.cz\/index.php\/wp-json\/wp\/v2\/users\/3"}],"replies":[{"embeddable":true,"href":"https:\/\/tjsokollucice.cz\/index.php\/wp-json\/wp\/v2\/comments?post=364"}],"version-history":[{"count":4,"href":"https:\/\/tjsokollucice.cz\/index.php\/wp-json\/wp\/v2\/pages\/364\/revisions"}],"predecessor-version":[{"id":634,"href":"https:\/\/tjsokollucice.cz\/index.php\/wp-json\/wp\/v2\/pages\/364\/revisions\/634"}],"wp:attachment":[{"href":"https:\/\/tjsokollucice.cz\/index.php\/wp-json\/wp\/v2\/media?parent=364"}],"curies":[{"name":"wp","href":"https:\/\/api.w.org\/{rel}","templated":true}]}}