{"id":577,"date":"2020-12-13T13:49:10","date_gmt":"2020-12-13T12:49:10","guid":{"rendered":"https:\/\/tjsokollucice.cz\/?page_id=577"},"modified":"2020-12-13T13:51:20","modified_gmt":"2020-12-13T12:51:20","slug":"konec-50-let","status":"publish","type":"page","link":"https:\/\/tjsokollucice.cz\/index.php\/konec-50-let\/","title":{"rendered":"Konec 50 let"},"content":{"rendered":"\n<figure class=\"wp-block-image size-large\"><img loading=\"lazy\" decoding=\"async\" width=\"4032\" height=\"3024\" src=\"https:\/\/tjsokollucice.cz\/wp-content\/uploads\/2020\/12\/IMG_3076-1.jpg\" alt=\"\" class=\"wp-image-581\"\/><figcaption>Jeden\u00e1cka pod veden\u00edm Tom\u0161ovsk\u00e9ho Franti\u0161ka &#8211; Tounou\u0161e<\/figcaption><\/figure>\n","protected":false},"excerpt":{"rendered":"","protected":false},"author":3,"featured_media":0,"parent":0,"menu_order":0,"comment_status":"closed","ping_status":"closed","template":"","meta":{"footnotes":""},"class_list":["post-577","page","type-page","status-publish","hentry"],"yoast_head":"<!-- This site is optimized with the Yoast SEO plugin v27.4 - https:\/\/yoast.com\/product\/yoast-seo-wordpress\/ -->\n<title>Konec 50 let - TJ Sokol Lu\u010dice<\/title>\n<meta name=\"robots\" content=\"index, follow, max-snippet:-1, max-image-preview:large, max-video-preview:-1\" \/>\n<link rel=\"canonical\" href=\"https:\/\/tjsokollucice.cz\/index.php\/konec-50-let\/\" \/>\n<meta property=\"og:locale\" content=\"cs_CZ\" \/>\n<meta property=\"og:type\" content=\"article\" \/>\n<meta property=\"og:title\" content=\"Konec 50 let - TJ Sokol Lu\u010dice\" \/>\n<meta property=\"og:url\" content=\"https:\/\/tjsokollucice.cz\/index.php\/konec-50-let\/\" \/>\n<meta property=\"og:site_name\" content=\"TJ Sokol Lu\u010dice\" \/>\n<meta property=\"article:modified_time\" content=\"2020-12-13T12:51:20+00:00\" \/>\n<meta property=\"og:image\" content=\"https:\/\/tjsokollucice.cz\/wp-content\/uploads\/2020\/12\/IMG_3076-1.jpg\" \/>\n<meta name=\"twitter:card\" content=\"summary_large_image\" \/>\n<script type=\"application\/ld+json\" class=\"yoast-schema-graph\">{\"@context\":\"https:\\\/\\\/schema.org\",\"@graph\":[{\"@type\":\"WebPage\",\"@id\":\"https:\\\/\\\/tjsokollucice.cz\\\/index.php\\\/konec-50-let\\\/\",\"url\":\"https:\\\/\\\/tjsokollucice.cz\\\/index.php\\\/konec-50-let\\\/\",\"name\":\"Konec 50 let - TJ Sokol Lu\u010dice\",\"isPartOf\":{\"@id\":\"https:\\\/\\\/tjsokollucice.cz\\\/#website\"},\"primaryImageOfPage\":{\"@id\":\"https:\\\/\\\/tjsokollucice.cz\\\/index.php\\\/konec-50-let\\\/#primaryimage\"},\"image\":{\"@id\":\"https:\\\/\\\/tjsokollucice.cz\\\/index.php\\\/konec-50-let\\\/#primaryimage\"},\"thumbnailUrl\":\"https:\\\/\\\/tjsokollucice.cz\\\/wp-content\\\/uploads\\\/2020\\\/12\\\/IMG_3076-1.jpg\",\"datePublished\":\"2020-12-13T12:49:10+00:00\",\"dateModified\":\"2020-12-13T12:51:20+00:00\",\"breadcrumb\":{\"@id\":\"https:\\\/\\\/tjsokollucice.cz\\\/index.php\\\/konec-50-let\\\/#breadcrumb\"},\"inLanguage\":\"cs\",\"potentialAction\":[{\"@type\":\"ReadAction\",\"target\":[\"https:\\\/\\\/tjsokollucice.cz\\\/index.php\\\/konec-50-let\\\/\"]}]},{\"@type\":\"ImageObject\",\"inLanguage\":\"cs\",\"@id\":\"https:\\\/\\\/tjsokollucice.cz\\\/index.php\\\/konec-50-let\\\/#primaryimage\",\"url\":\"https:\\\/\\\/tjsokollucice.cz\\\/wp-content\\\/uploads\\\/2020\\\/12\\\/IMG_3076-1.jpg\",\"contentUrl\":\"https:\\\/\\\/tjsokollucice.cz\\\/wp-content\\\/uploads\\\/2020\\\/12\\\/IMG_3076-1.jpg\",\"width\":4032,\"height\":3024},{\"@type\":\"BreadcrumbList\",\"@id\":\"https:\\\/\\\/tjsokollucice.cz\\\/index.php\\\/konec-50-let\\\/#breadcrumb\",\"itemListElement\":[{\"@type\":\"ListItem\",\"position\":1,\"name\":\"Dom\u016f\",\"item\":\"https:\\\/\\\/tjsokollucice.cz\\\/\"},{\"@type\":\"ListItem\",\"position\":2,\"name\":\"Konec 50 let\"}]},{\"@type\":\"WebSite\",\"@id\":\"https:\\\/\\\/tjsokollucice.cz\\\/#website\",\"url\":\"https:\\\/\\\/tjsokollucice.cz\\\/\",\"name\":\"TJ Sokol Lu\u010dice\",\"description\":\"Fotbalov\u00fd klub TJ Sokol Lu\u010dice\",\"publisher\":{\"@id\":\"https:\\\/\\\/tjsokollucice.cz\\\/#organization\"},\"potentialAction\":[{\"@type\":\"SearchAction\",\"target\":{\"@type\":\"EntryPoint\",\"urlTemplate\":\"https:\\\/\\\/tjsokollucice.cz\\\/?s={search_term_string}\"},\"query-input\":{\"@type\":\"PropertyValueSpecification\",\"valueRequired\":true,\"valueName\":\"search_term_string\"}}],\"inLanguage\":\"cs\"},{\"@type\":\"Organization\",\"@id\":\"https:\\\/\\\/tjsokollucice.cz\\\/#organization\",\"name\":\"TJ Sokol Lu\u010dice\",\"url\":\"https:\\\/\\\/tjsokollucice.cz\\\/\",\"logo\":{\"@type\":\"ImageObject\",\"inLanguage\":\"cs\",\"@id\":\"https:\\\/\\\/tjsokollucice.cz\\\/#\\\/schema\\\/logo\\\/image\\\/\",\"url\":\"https:\\\/\\\/tjsokollucice.cz\\\/wp-content\\\/uploads\\\/2019\\\/11\\\/cropped-Tj-sokol-Lucice-logo-scaled.png\",\"contentUrl\":\"https:\\\/\\\/tjsokollucice.cz\\\/wp-content\\\/uploads\\\/2019\\\/11\\\/cropped-Tj-sokol-Lucice-logo-scaled.png\",\"width\":249,\"height\":250,\"caption\":\"TJ Sokol Lu\u010dice\"},\"image\":{\"@id\":\"https:\\\/\\\/tjsokollucice.cz\\\/#\\\/schema\\\/logo\\\/image\\\/\"}}]}<\/script>\n<!-- \/ Yoast SEO plugin. -->","yoast_head_json":{"title":"Konec 50 let - TJ Sokol Lu\u010dice","robots":{"index":"index","follow":"follow","max-snippet":"max-snippet:-1","max-image-preview":"max-image-preview:large","max-video-preview":"max-video-preview:-1"},"canonical":"https:\/\/tjsokollucice.cz\/index.php\/konec-50-let\/","og_locale":"cs_CZ","og_type":"article","og_title":"Konec 50 let - TJ Sokol Lu\u010dice","og_url":"https:\/\/tjsokollucice.cz\/index.php\/konec-50-let\/","og_site_name":"TJ Sokol Lu\u010dice","article_modified_time":"2020-12-13T12:51:20+00:00","og_image":[{"url":"https:\/\/tjsokollucice.cz\/wp-content\/uploads\/2020\/12\/IMG_3076-1.jpg","type":"","width":"","height":""}],"twitter_card":"summary_large_image","schema":{"@context":"https:\/\/schema.org","@graph":[{"@type":"WebPage","@id":"https:\/\/tjsokollucice.cz\/index.php\/konec-50-let\/","url":"https:\/\/tjsokollucice.cz\/index.php\/konec-50-let\/","name":"Konec 50 let - TJ Sokol Lu\u010dice","isPartOf":{"@id":"https:\/\/tjsokollucice.cz\/#website"},"primaryImageOfPage":{"@id":"https:\/\/tjsokollucice.cz\/index.php\/konec-50-let\/#primaryimage"},"image":{"@id":"https:\/\/tjsokollucice.cz\/index.php\/konec-50-let\/#primaryimage"},"thumbnailUrl":"https:\/\/tjsokollucice.cz\/wp-content\/uploads\/2020\/12\/IMG_3076-1.jpg","datePublished":"2020-12-13T12:49:10+00:00","dateModified":"2020-12-13T12:51:20+00:00","breadcrumb":{"@id":"https:\/\/tjsokollucice.cz\/index.php\/konec-50-let\/#breadcrumb"},"inLanguage":"cs","potentialAction":[{"@type":"ReadAction","target":["https:\/\/tjsokollucice.cz\/index.php\/konec-50-let\/"]}]},{"@type":"ImageObject","inLanguage":"cs","@id":"https:\/\/tjsokollucice.cz\/index.php\/konec-50-let\/#primaryimage","url":"https:\/\/tjsokollucice.cz\/wp-content\/uploads\/2020\/12\/IMG_3076-1.jpg","contentUrl":"https:\/\/tjsokollucice.cz\/wp-content\/uploads\/2020\/12\/IMG_3076-1.jpg","width":4032,"height":3024},{"@type":"BreadcrumbList","@id":"https:\/\/tjsokollucice.cz\/index.php\/konec-50-let\/#breadcrumb","itemListElement":[{"@type":"ListItem","position":1,"name":"Dom\u016f","item":"https:\/\/tjsokollucice.cz\/"},{"@type":"ListItem","position":2,"name":"Konec 50 let"}]},{"@type":"WebSite","@id":"https:\/\/tjsokollucice.cz\/#website","url":"https:\/\/tjsokollucice.cz\/","name":"TJ Sokol Lu\u010dice","description":"Fotbalov\u00fd klub TJ Sokol Lu\u010dice","publisher":{"@id":"https:\/\/tjsokollucice.cz\/#organization"},"potentialAction":[{"@type":"SearchAction","target":{"@type":"EntryPoint","urlTemplate":"https:\/\/tjsokollucice.cz\/?s={search_term_string}"},"query-input":{"@type":"PropertyValueSpecification","valueRequired":true,"valueName":"search_term_string"}}],"inLanguage":"cs"},{"@type":"Organization","@id":"https:\/\/tjsokollucice.cz\/#organization","name":"TJ Sokol Lu\u010dice","url":"https:\/\/tjsokollucice.cz\/","logo":{"@type":"ImageObject","inLanguage":"cs","@id":"https:\/\/tjsokollucice.cz\/#\/schema\/logo\/image\/","url":"https:\/\/tjsokollucice.cz\/wp-content\/uploads\/2019\/11\/cropped-Tj-sokol-Lucice-logo-scaled.png","contentUrl":"https:\/\/tjsokollucice.cz\/wp-content\/uploads\/2019\/11\/cropped-Tj-sokol-Lucice-logo-scaled.png","width":249,"height":250,"caption":"TJ Sokol Lu\u010dice"},"image":{"@id":"https:\/\/tjsokollucice.cz\/#\/schema\/logo\/image\/"}}]}},"_links":{"self":[{"href":"https:\/\/tjsokollucice.cz\/index.php\/wp-json\/wp\/v2\/pages\/577","targetHints":{"allow":["GET"]}}],"collection":[{"href":"https:\/\/tjsokollucice.cz\/index.php\/wp-json\/wp\/v2\/pages"}],"about":[{"href":"https:\/\/tjsokollucice.cz\/index.php\/wp-json\/wp\/v2\/types\/page"}],"author":[{"embeddable":true,"href":"https:\/\/tjsokollucice.cz\/index.php\/wp-json\/wp\/v2\/users\/3"}],"replies":[{"embeddable":true,"href":"https:\/\/tjsokollucice.cz\/index.php\/wp-json\/wp\/v2\/comments?post=577"}],"version-history":[{"count":3,"href":"https:\/\/tjsokollucice.cz\/index.php\/wp-json\/wp\/v2\/pages\/577\/revisions"}],"predecessor-version":[{"id":583,"href":"https:\/\/tjsokollucice.cz\/index.php\/wp-json\/wp\/v2\/pages\/577\/revisions\/583"}],"wp:attachment":[{"href":"https:\/\/tjsokollucice.cz\/index.php\/wp-json\/wp\/v2\/media?parent=577"}],"curies":[{"name":"wp","href":"https:\/\/api.w.org\/{rel}","templated":true}]}}