{"id":715,"date":"2021-05-16T12:11:31","date_gmt":"2021-05-16T10:11:31","guid":{"rendered":"https:\/\/tjsokollucice.cz\/?page_id=715"},"modified":"2021-05-16T12:14:21","modified_gmt":"2021-05-16T10:14:21","slug":"prvni-zapas-klubu-na-vankatove-louce","status":"publish","type":"page","link":"https:\/\/tjsokollucice.cz\/index.php\/prvni-zapas-klubu-na-vankatove-louce\/","title":{"rendered":"Prvn\u00ed z\u00e1pas klubu na Va\u0148k\u00e1tov\u011b louce"},"content":{"rendered":"\n<p>\u00a0V roce 1934\u00a0 byl zalo\u017een p\u0159i sboru Sportovn\u00ed\u00a0 odbor hasi\u010d\u016f, jeho\u017e hlavn\u00ed<br>n\u00e1pln\u00ed bylo b\u011bhati za fotbalovou mi\u010dudou.<br><\/p>\n\n\n\n<p>&nbsp;Velkou&nbsp; z\u00e1sluhu na&nbsp; tom p\u0159edev\u0161\u00edm&nbsp; m\u011bli Bohou\u0161&nbsp; Kruntor\u00e1d a Karel \u010capek,<br>d\u00e1le&nbsp; ve veden\u00ed&nbsp; byli Janov\u00e9&nbsp; Rejnek a&nbsp; \u0158\u00edha, V.&nbsp; Klimpt, Josefov\u00e9&nbsp; Marek<br>a Ber\u00e1nek.<br><br><\/p>\n\n\n\n<p>&nbsp;&nbsp; nov\u00fd rok &#8211; podn\u011bl\u00ed<br><br><\/p>\n\n\n\n<p>&nbsp;&nbsp; 1.7. ned\u011ble<br><br><\/p>\n\n\n\n<p>&nbsp;&nbsp; 13.7. p\u00e1tek 15.7. pout<br><br><\/p>\n\n\n\n<p>&nbsp;&nbsp; 1.8. st\u0159eda<br><br><\/p>\n\n\n\n<p>&nbsp;&nbsp; 1.9. sobot<br><br><\/p>\n\n\n\n<p>&nbsp;&nbsp; 28.9. p\u00e1tek<br><br><\/p>\n\n\n\n<p>&nbsp;&nbsp;&nbsp;&nbsp;&nbsp;&nbsp;&nbsp;&nbsp;&nbsp;&nbsp;&nbsp;&nbsp; A u\u017e je to tady!<br><br><\/p>\n\n\n\n<p>&nbsp;Rozv\u00e1\u017en\u00fd&nbsp; kronik\u00e1\u0159&nbsp; bere&nbsp; pero,&nbsp; pe\u010dliv\u011b&nbsp; jej&nbsp; nam\u00e1\u010d\u00ed&nbsp; do modr\u00e9ho inkoustu<br>a krasopisn\u011b se rozpl\u00fdv\u00e1 do \u010dist\u00fdch str\u00e1nek:<br><br><\/p>\n\n\n\n<p>&nbsp;&#8220;Tato&nbsp; bitva vypukla&nbsp; 30. z\u00e1\u0159\u00ed&nbsp; v den&nbsp; P\u00e1n\u011b, osma\u010dty\u0159icet&nbsp; hodin po sv\u00e1tku<br>patrona sv. V\u00e1clava, l\u00e9ta od narozen\u00ed Krista tis\u00edc\u00edho dev\u00edtist\u00e9ho t\u0159ic\u00e1t\u00e9ho<br>\u010dtvrt\u00e9ho na \u0160imkov\u00e9 louce.&#8221;<br><br><\/p>\n\n\n\n<p>&nbsp; 1934&nbsp;&nbsp;&nbsp;&nbsp;&nbsp;&nbsp;&nbsp;&nbsp;&nbsp; Sportovn\u00ed odbor hasi\u010d\u016f Lu\u010dice&nbsp; &#8211;&nbsp; Vesel\u00fd \u017dd\u00e1r<br><br><\/p>\n\n\n\n<p>&nbsp;&nbsp;&nbsp;&nbsp;&nbsp;&nbsp;&nbsp;&nbsp;&nbsp;&nbsp;&nbsp;&nbsp;&nbsp;&nbsp;&nbsp;&nbsp;&nbsp;&nbsp;&nbsp;&nbsp;&nbsp;&nbsp; 5&nbsp;&nbsp;&nbsp;&nbsp;&nbsp;&nbsp;&nbsp;&nbsp;&nbsp;&nbsp;&nbsp;&nbsp;&nbsp;&nbsp;&nbsp;&nbsp;&nbsp;&nbsp; &#8211;&nbsp;&nbsp;&nbsp;&nbsp;&nbsp; 1<br><br><\/p>\n\n\n\n<p>&nbsp;&nbsp;&nbsp; &#8211;&nbsp; BK, lexa,&nbsp; cimr,&nbsp; vv a a martinec &#8212; h\u00e1jek<br><br><\/p>\n\n\n\n<p>&nbsp;&nbsp;&nbsp; Zaznamen\u00e1v\u00e1m na v\u011b\u010dnou pam\u011b\u0165 dne\u0161n\u00ed sestavy obou soupe\u0159\u016f:<br><br><\/p>\n\n\n\n<p>&nbsp;&nbsp;&nbsp; H o s t \u00e9 :&nbsp;&nbsp;&nbsp; Goal:&nbsp;&nbsp;&nbsp;&nbsp;&nbsp;&nbsp; Bubla<br><br><\/p>\n\n\n\n<p>&nbsp;&nbsp;&nbsp;&nbsp;&nbsp;&nbsp; Backs:&nbsp;&nbsp;&nbsp;&nbsp;&nbsp;&nbsp;&nbsp;&nbsp;&nbsp;&nbsp;&nbsp; \u0160imek-tesa\u0159&nbsp; Ber\u00e1nek<br><br><\/p>\n\n\n\n<p>&nbsp;&nbsp;&nbsp;&nbsp;&nbsp;&nbsp; Halfbacks:&nbsp;&nbsp;&nbsp;&nbsp;&nbsp;&nbsp; Vacek&nbsp; \u010cerven\u00fd&nbsp; Ku\u010d\u00edrek<br><br><\/p>\n\n\n\n<p>&nbsp;&nbsp; Forwards:&nbsp;&nbsp; V\u00e1cha Jan-Kupka&nbsp; H\u00e1jek&nbsp; Kr\u00e1l\/Pelestrov\/&nbsp; Ber\u00e1nek II&nbsp; Bla\u017eek<br><br><\/p>\n\n\n\n<p>&nbsp;&nbsp;&nbsp; D o m \u00e1 c \u00ed&nbsp; :&nbsp;&nbsp;&nbsp;&nbsp;&nbsp;&nbsp;&nbsp;&nbsp;&nbsp;&nbsp; Kudrna Jaroslav<br><br><\/p>\n\n\n\n<p>&nbsp;&nbsp;&nbsp;&nbsp;&nbsp;&nbsp;&nbsp;&nbsp;&nbsp;&nbsp;&nbsp;&nbsp;&nbsp;&nbsp;&nbsp;&nbsp;&nbsp;&nbsp;&nbsp; Bohumil \u0160otola&nbsp;&nbsp; Martinec Josef<br><br><\/p>\n\n\n\n<p>&nbsp;&nbsp;&nbsp;&nbsp;&nbsp; Alexhauser&nbsp;&nbsp;&nbsp;&nbsp; Va\u0148k\u00e1t V\u00e1clav&nbsp;&nbsp; \u010capek Josef \/pokr\u00fdva\u010d\/<br><br><\/p>\n\n\n\n<p>&nbsp;Bohumil a Jan Kruntor\u00e1dov\u00e9&nbsp;&nbsp; Poslu\u0161n\u00fd&nbsp;&nbsp;&nbsp; Cimmrmann&nbsp; Such\u00fd Jan-mal\u00ed\u0159<br><br><\/p>\n\n\n\n<p>&nbsp; Pozn\u00e1mka autora:<br><br><\/p>\n\n\n\n<p>&nbsp;P. Alexhauser \/Lexa\/&nbsp; byl toho \u010dasu \u00fa\u0159edn\u00edkem \u010desk\u00fdch&nbsp; po\u0161t na Okrouhlici,<br>jinak&nbsp; zdatn\u00fd z\u00e1lo\u017en\u00edk&nbsp; divizn\u00edch AFK&nbsp; Pardubic, o&nbsp; deset let&nbsp; pozd\u011bji jako<br>vedouc\u00ed v\u00fdpravy pardubick\u00fdch fotbalist\u016f u n\u00e1s o pouti.<br><br><\/p>\n\n\n\n<p>&nbsp;A op\u011bt kronik\u00e1\u0159:<br><br><\/p>\n\n\n\n<p>&nbsp;&#8220;Otava&nbsp; \/druh\u00e9&nbsp; seno&nbsp; &#8211;&nbsp; autor\/&nbsp; byla&nbsp; sklizena,&nbsp; h\u0159i\u0161t\u011b&nbsp; od dobytka \u0159\u00e1dn\u011b<br>vypaseno, a tak majitel pozemku p. V\u00e1clav Va\u0148k\u00e1t dal svolen\u00ed k historick\u00e9mu<br>z\u00e1pasu.<br><br><\/p>\n\n\n\n<p>&nbsp; Byly dv\u011b hodiny po ned\u011bln\u00edm \/kalorick\u00e9m\/ ob\u011bd\u011b, kdy hlavn\u00ed rozhod\u010d\u00ed Mudr.<br>Zimmermann \/z\u00e1rove\u0148 zaji\u0161toval&nbsp; prvn\u00ed pomoc\/ d\u00e1v\u00e1 pokyn ke&nbsp; h\u0159e mezi dom\u00e1c\u00ed<br>Lu\u010dic\u00ed a sousedn\u00edm Vesel\u00fdm \u017dd\u00e1rem.<br><br><\/p>\n\n\n\n<p>&nbsp;P\u0159ihl\u00ed\u017eelo pades\u00e1t&nbsp; neplat\u00edc\u00edch div\u00e1k\u016f, mezi&nbsp; nimi p\u011btilet\u00fd Va\u0161\u00edk&nbsp; \u0160otola,<br>\/jeho\u017e bratr&nbsp; Bohou\u0161 byl p\u0159\u00edm\u00fdm&nbsp; plej\u00e9rem\/ a s&nbsp; n\u00edm o t\u0159i&nbsp; roky star\u0161\u00ed B\u00f3\u017ea<br>Urbanec z Janovce.<br>&nbsp;D\u00e1le jsou tu bratrsk\u00e9 dvojice Jenda&nbsp; a Jarka Adamcovi z Pl\u00e1cku, z Kocmandy<br>zase&nbsp; p\u0159ib\u011bhli&nbsp; Karl\u00edk&nbsp; s&nbsp; Pep\u00edkem,&nbsp; oba&nbsp; p\u0159\u00edjmen\u00ed&nbsp; Ka\u0148kovsk\u00fd,&nbsp; s hadr\u00e1kama<br>&#8211; v\u0161ichni p\u0159\u00ed\u0161t\u00ed dob\u0159\u00ed fotbalist\u00e9.<br>&nbsp;Z obce si nenech\u00e1v\u00e1 uj\u00edt kl\u00e1n\u00ed starosta V\u00e1clav Va\u0148k\u00e1t, jeho\u017e nejmlad\u0161\u00ed syn<br>pravideln\u011b provozuje hru zvanou fotbal, ostatn\u00ed radn\u00ed moc l\u00edtan\u00ed za kulat\u00fdm<br>nesmyslem&nbsp; nefand\u00ed.&nbsp; V&nbsp; roli&nbsp; gener\u00e1ln\u00edho&nbsp; mecen\u00e1\u0161e&nbsp; \/nepl\u00e9st&nbsp; si pros\u00edm se<br>sponzorem &#8211; autor\/ vystupuje Jan Kruntor\u00e1d, m\u00edstn\u00ed obchodn\u00edk a hostinsk\u00fd.<br><br><\/p>\n\n\n\n<p>&nbsp;D\u00e1le p\u0159i\u0161li Holenda V\u00e1clav, \u010capek V\u00e1clav-holi\u010d se str\u00fdci Karlem, a Janem.<br>&nbsp;Z n\u011b\u017en\u00e9ho pohlav\u00ed nad\u0161en\u011b fandila dom\u00e1c\u00edm pani \u0159\u00edd\u00edc\u00ed.<br><br><\/p>\n\n\n\n<p>&nbsp;Ikdy\u017e l\u00e9to kalend\u00e1\u0159n\u011b ji\u017e skon\u010dilo, bylo vedro jako v chlebov\u00e9 peci.<br>&nbsp;Po \u010destn\u00e9m rozehr\u00e1n\u00ed starosty se kone\u010dn\u011b soupe\u0159i do sebe p\u011bkn\u011b zakousli.<br>\u010cekali&nbsp;&nbsp; na&nbsp; to&nbsp;&nbsp; n\u011bkolik&nbsp; m\u011bs\u00edc\u016f,&nbsp;&nbsp; proto\u017ee&nbsp; i&nbsp;&nbsp; tenkr\u00e1t&nbsp; fotbal&nbsp; p\u0159in\u00e1\u0161el<br>neopakovatelnou radost z pohybu.<br>&nbsp;Do prvn\u00ed&nbsp; v\u00e1\u017en\u00e9 akce se dost\u00e1vaj\u00ed&nbsp; ihned po v\u00fdkopu host\u00e9&nbsp; a s p\u0159ekvapuj\u00edc\u00ed<br>prudkost\u00ed&nbsp; doh\u00e1n\u011bj\u00ed m\u00ed\u010d&nbsp; k brance,&nbsp; ale jejich&nbsp; centrforvard Kr\u00e1l&nbsp; z mal\u00e9ho<br>v\u00e1pna trestuhodn\u011b zahazuje.<br>&nbsp;Ale ani dom\u00e1c\u00ed se nenech\u00e1vaj\u00ed zahanbit&nbsp; a &#8220;zu\u0159iv\u011b&#8221; \u00fato\u010d\u00ed. Lev\u00fd back u\u010ditel<br>Martinec mohutn\u00fdm odkopem&nbsp; p\u0159en\u00e1\u0161\u00ed hru p\u0159ed g\u00f3lmana host\u00ed.&nbsp; Zde m\u00ed\u010d p\u0159eb\u00edr\u00e1<br>Such\u00fd&nbsp; a ihned&nbsp; centruje do&nbsp; be\u010fn\u00e1ku. Bal\u00f3n&nbsp; se dost\u00e1va&nbsp; k Poslu\u0161n\u00e9mu a ten<br>prov\u00e1d\u00ed to sam\u00e9 jako v prvn\u00ed minut\u011b host\u00e9.<br>&nbsp;St\u00e1le O-O.<br>&nbsp;Pokra\u010duje se s plnou vervou d\u00e1le.<br>&nbsp;A jsou to op\u011bt fotbalist\u00e9 \u017dd\u00e1ru, kte\u0159\u00ed se a\u017e snadno dost\u00e1vaj\u00ed p\u0159ed svatyni<br>Jarky Kudrny. Ten v\u0161ak se nenech\u00e1v\u00e1 p\u0159ekvapit a m\u00ed\u010d tlum\u00ed na prsou.<br>&nbsp;Prob\u00edh\u00e1&nbsp; pr\u00e1v\u011b&nbsp; t\u0159in\u00e1ct\u00e1&nbsp; minuta&nbsp; prvn\u00ed&nbsp; p\u016fle,&nbsp; kdy\u017e&nbsp; Bohou\u0161 \u0160otola pos\u00edl\u00e1<br>\u010dechran\u00fd&nbsp; bal\u00f3n na&nbsp; polovinu host\u00ed.&nbsp; Zde ho&nbsp; dob\u0159e zpracov\u00e1v\u00e1 Venda Va\u0148k\u00e1t,<br>obch\u00e1z\u00ed&nbsp; dva hr\u00e1\u010de&nbsp; host\u00ed a&nbsp; unik\u00e1.&nbsp; P\u0159ed&nbsp; n\u00edm ji\u017e&nbsp; jeden obr\u00e1nce&nbsp; a dlouh\u00fd<br>brank\u00e1\u0159 V. \u017dd\u00e1ru.<br>&nbsp;Va\u0161ek&nbsp; vol\u00ed&nbsp; nahr\u00e1vku&nbsp; na&nbsp; pravou&nbsp; stranu&nbsp; voln\u00e9mu&nbsp; mlad\u0161imu&nbsp; z Kruntor\u00e1d\u016f<br>\/Bohou\u0161ovi\/, ten prudce&nbsp; s m\u00ed\u010dem vb\u00edh\u00e1 do trestn\u00e9ho&nbsp; \u00fazem\u00ed a vys\u00edl\u00e1 pozemn\u00ed<br>jedovku&nbsp; k ty\u010di a da\u0159\u00ed se mu prorazit m\u00ed\u010d branou.<br>&nbsp; Je to 1-0 pro hostitele. A do an\u00e1l\u016f je zaznamen\u00e1no: Je to prvn\u00ed opravdov\u00fd<br>g\u00f3l Lu\u010dice.<br>&nbsp;Ov\u0161em soupe\u0159 se nevzd\u00e1v\u00e1 a o sedm&nbsp; minut pozd\u011bji po rychl\u00e9 a pohledn\u00e9 akci<br>pravou&nbsp; spojkou&nbsp; H\u00e1jkem&nbsp; vyrovn\u00e1v\u00e1.&nbsp; Se&nbsp; stavem&nbsp; l-l vrchn\u00edk ukon\u010duje prvn\u00ed<br>polo\u010das.<br><br><\/p>\n\n\n\n<p>&nbsp;Po men\u0161\u00ed p\u0159est\u00e1vce a ob\u010derstven\u00ed&nbsp; z Kruntor\u00e1dov\u00e9ho hostince k\u00f3palist\u00e9 op\u011bt<br>nastupuj\u00ed na&nbsp; vypasen\u00fd drn.<br>&nbsp;Byst\u0159eji&nbsp; za\u010d\u00edn\u00e1&nbsp; Lu\u010dice.&nbsp; Zku\u0161en\u00fd&nbsp; z\u00e1lo\u017en\u00edk&nbsp; Alexhauser&nbsp; se&nbsp; po&nbsp; n\u011bkolika<br>vtipn\u00fdch nar\u00e1\u017ee\u010dk\u00e1ch s Poslu\u0161n\u00fdm snadno dost\u00e1v\u00e1 a\u017e do \u017ed\u00e1rsk\u00e9 kuchyn\u011b a nic<br>jin\u00e9ho mu nezb\u00fdv\u00e1 ne\u017e vst\u0159elit druh\u00fd goal Lu\u010dice.<br><br><\/p>\n\n\n\n<p>&nbsp;Hosty&nbsp; tato&nbsp; branka&nbsp; nedeprimuje,&nbsp; naopak.&nbsp; S&nbsp; pln\u00fdm&nbsp; nasazen\u00edm&nbsp; pokra\u010duj\u00ed<br>v prudk\u00fdch n\u00e1jezdech, bohu\u017eel jejich \u00fatoky jsou ji\u017e neplodn\u00e9.<br><br><\/p>\n\n\n\n<p>&nbsp;St\u0159eleck\u00e1 mu\u0161ka Kr\u00e1le, H\u00e1jka i V\u00e1chy je&nbsp; zna\u010dn\u011b vych\u00fdlena a to m\u00e1lo co jde<br>na branku, s&nbsp; p\u0159ehledem kryje odv\u00e1\u017en\u00fdmi robinzon\u00e1dami Jarek&nbsp; Kudrna, za co\u017e<br>skl\u00edz\u00ed potlesk na otev\u0159en\u00e9 sc\u00e9n\u011b.<br><br><\/p>\n\n\n\n<p>&nbsp;V&nbsp; 55. minut\u011b&nbsp; doch\u00e1z\u00ed ke&nbsp; vzru\u0161uj\u00edc\u00ed sc\u00e9nce.&nbsp; Dob\u0159e rostl\u00fd&nbsp; \u00fato\u010dn\u00edk host\u00ed<br>nebezpe\u010dn\u011b pronik\u00e1 a&nbsp; dom\u00e1c\u00edmu hr\u00e1\u010di ji\u017e nezb\u00fdv\u00e1 ne\u017e&nbsp; ho zastavit v\u0161emo\u017en\u00fdm<br>zp\u016fsobem. A pov\u00e1d\u00ed se. Ob\u011btav\u011b se vrh\u00e1&nbsp; na soupe\u0159e a p\u0159itom jeho prav\u00e1 ruka<br>drav\u011b&nbsp; chmat\u00e1 po&nbsp; trenk\u00e1ch. Spuch\u0159el\u00e1&nbsp; guma nevydr\u017e\u00ed&nbsp; a tren\u00fdrky padaj\u00ed pod<br>kolena. Mil\u00fd borec se jak \u0161irok\u00fd, tak dlouh\u00fd se v\u00e1l\u00ed na cvi\u010di\u0161ti a odhaluje<br>ve\u0159ejnosti sv\u00e1 choulostiv\u00e1 m\u00edsta. Bo\u017ee to&nbsp; bylo j\u00e1sotu, i cudn\u00e1 pan\u00ed \u0159\u00edd\u00edc\u00ed<br>radostn\u011b tleskala.<br><br><\/p>\n\n\n\n<p>&nbsp;Po&nbsp; \u00faprav\u011b&nbsp; v\u00fdstroje&nbsp; Lu\u010dice&nbsp; st\u0159\u00edd\u00e1&nbsp; a&nbsp; je&nbsp; to&nbsp; zn\u00e1t. P\u0159ich\u00e1zej\u00ed odpo\u010dat\u00ed<br>radost\u00ednsk\u00fd Petr a dom\u00e1c\u00ed Chroustovsk\u00fd Pep\u00edk.<br><br><\/p>\n\n\n\n<p>&nbsp;Host\u00e9 sestavu nem\u011bn\u00ed.<br><br><\/p>\n\n\n\n<p>&nbsp;A je to&nbsp; pr\u00e1v\u011b \u010derstv\u00fd Cimrman, kter\u00fd po&nbsp; n\u00e1dhern\u00e9m uvoln\u011bn\u00ed \u010capkem vymet\u00e1<br>pavu\u010dinu \/dle sv\u011bdk\u016f&nbsp; tam skute\u010dn\u011b byla a upletl j\u00ed&nbsp; pavouk k\u0159i\u017e\u00e1k\/ v lev\u00e9m<br>vinglu svatyn\u011b veselo\u017ed\u00e1rsk\u00e9ho golmana. Dom\u00e1c\u00ed tak vedou 3-1.<br>&nbsp;Po t\u00e9to pohledn\u00e9 brance host\u00e9 odpadaj\u00ed a Lu\u010dice za\u010d\u00edn\u00e1 m\u00edt navrch.<br>&nbsp;V 75. minut\u011b se op\u011bt skv\u011ble uvol\u0148uje&nbsp; Lexa a pos\u00edl\u00e1 na milimetr p\u0159esn\u00fd pas<br>Va\u0148k\u00e1tovi \/nebo to ji\u017e byla \u010desk\u00e1 uli\u010dka &#8211; autor\/ a ten tentokr\u00e1t nezav\u00e1h\u00e1.<br>Host\u00e9 prohr\u00e1vaj\u00ed 1-4.<br><br><\/p>\n\n\n\n<p>&nbsp;Ji\u017e&nbsp; se nehraje&nbsp; s po\u010d\u00e1te\u010dn\u00edm&nbsp; nasazen\u00edm, oba&nbsp; celky zna\u010dn\u011b polevuj\u00ed, bylo<br>p\u0159ece jenom hork\u00e9&nbsp; odpoledne. V\u0161ichni se ji\u017e t\u011b\u0161\u00ed&nbsp; na \u010derstv\u011b vyuzen\u00e9 bu\u0159ty<br>od&nbsp; \u0159ezn\u00edka&nbsp; V\u00e1clava&nbsp; Marka&nbsp; a&nbsp; jiho\u010deskou&nbsp; des\u00edtku.&nbsp; Pe\u010divo, tak\u00e9 ned\u011bln\u00ed,<br>p\u0159inesl v n\u016f\u0161i m\u00edstn\u00ed peka\u0159 Jaroslav Such\u00fd.<br><br><\/p>\n\n\n\n<p>&nbsp;Do&nbsp; konce z\u00e1pasu&nbsp; zb\u00fdv\u00e1 pouze&nbsp; n\u011bkolik vte\u0159in.&nbsp; Dom\u00e1c\u00ed zahr\u00e1vaj\u00ed Martincem<br>trestn\u00fd&nbsp; kop ze&nbsp; vzd\u00e1lenosti dobr\u00fdch&nbsp; pades\u00e1ti metr\u016f&nbsp; \/h\u0159i\u0161t\u011b m\u011blo cirka 85<br>yard\u016f\/.<br><br><\/p>\n\n\n\n<p>&nbsp;Aktivn\u00ed hr\u00e1\u010d&nbsp; SK \u010c\u00e1slav si pe\u010dliv\u011b&nbsp; pokl\u00e1d\u00e1 okopan\u00fd m\u00ed\u010d a&nbsp; siln\u011b se do n\u011bj<br>op\u00edr\u00e1&nbsp; siln\u011bj\u0161\u00ed nohou.&nbsp; Byla to&nbsp; \u0161lupka ala&nbsp; Ko\u0161ek \/pra\u017esk\u00fd ostrost\u0159elec ze<br>za\u010d\u00e1tku 20.&nbsp; stolet\u00ed\/. M\u00ed\u010d prosvi\u0161t\u00ed nedob\u0159e&nbsp; postavenou zd\u00ed host\u00ed, brank\u00e1\u0159<br>se jenom&nbsp; koch\u00e1, a mi\u010duda&nbsp; kon\u010d\u00ed za jeho&nbsp; z\u00e1dy. Ani tady&nbsp; se nezastav\u00ed, ale<br>pokra\u010duje v na\u010dat\u00e9&nbsp; cest\u011b, proto\u017ee chatrn\u00e1 s\u00ed\u0165 nevydr\u017e\u00ed&nbsp; a tak bal\u00f3n zapad\u00e1<br>do kaln\u00fdch a&nbsp; hlubok\u00fdch vod pln\u00fdch drav\u00fdch ryb&nbsp; Dlouhasu, nap\u00e1jej\u00edc\u00ed Hrub\u016fv<br>ml\u00fdn&#8230;<br><br><\/p>\n\n\n\n<p>&nbsp;&nbsp;&nbsp;&nbsp;&nbsp;&nbsp;&nbsp;&nbsp;&nbsp;&nbsp;&nbsp;&nbsp; a match kon\u010d\u00ed s v\u00fdsledkem 5-1.<br><br><\/p>\n\n\n\n<p>&nbsp;Match&nbsp; vy\u0161inul&nbsp; se&nbsp; nad&nbsp;&nbsp; \u00farove\u0148&nbsp; oby\u010dejn\u00fdch&nbsp; z\u00e1pas\u016f&nbsp; neoby\u010dejn\u011b&nbsp; poutav\u00fdm<br>pr\u016fb\u011bhem.<br>&nbsp;Dom\u00e1c\u00ed byli lep\u0161\u00edm&nbsp; mu\u017estvem, jejich styl hry byl&nbsp; agiln\u00ed a p\u0159edev\u0161\u00edm byli<br>l\u00e9pe sehr\u00e1ni.<br>&nbsp;Lexa s dvoj\u00edmi plicemi byl dirigentem z\u00e1lo\u017en\u00ed trojice.<br>&nbsp;R\u00e1z hry byl bojovn\u00fd, ale nevybo\u010dil z mez\u00ed fair.<br>&nbsp;Ur\u010dit\u00e9 velkou z\u00e1sluhou na tom m\u011bl rozhod\u010d\u00ed Zimmerman \/opravdu nepoch\u00e1zel z<br>Ole\u0161nice &#8211; autor\/, kter\u00fd z\u00e1pas od\u0159\u00eddil ob\u011btav\u011b.<br>&nbsp;Na rohokopy to bylo 10-6, co\u017e znamenalo pro dom\u00e1c\u00ed t\u0159i a hosty dv\u011b penalty<br>\/t\u0159i&nbsp; rohy jedna&nbsp; des\u00edtka &#8211;&nbsp; h\u0159i\u0161t\u011b bylo&nbsp; \u00fazk\u00e9\/, bohu\u017eel&nbsp; ani jedna&nbsp; nebyla<br>prom\u011bn\u011bna&nbsp; pro&nbsp; vynikaj\u00edc\u00ed&nbsp; v\u00fdkony&nbsp; obou&nbsp; vratn\u00fdch.<br><br><\/p>\n\n\n\n<p>&nbsp;Mu\u017estvo&nbsp; host\u00ed muselo&nbsp; nastoupit nehotov\u00e9&nbsp; a s&nbsp; mnoha nahradn\u00edky,&nbsp; proto\u017ee<br>jejich hr\u00e1\u010di m\u011bli pracovn\u00ed povinnosti.<br>&nbsp;Dom\u00e1c\u00ed&nbsp; obrana&nbsp; pracovala&nbsp; cel\u00fdch&nbsp;&nbsp; osmdes\u00e1t&nbsp; minut&nbsp; skvostn\u011b,&nbsp; byly&nbsp; zn\u00e1t<br>zku\u0161enosti \u010d\u00e1slavsk\u00e9ho backa Martince a nekompromisn\u00ed hra Bohou\u0161e \u0160otoly.<br>&nbsp;Mil\u00e1\u010dkem div\u00e1k\u016f se stal mladi\u010dk\u00fd Jarda Kudrna v roli branka\u0159e..<\/p>\n","protected":false},"excerpt":{"rendered":"<p>\u00a0V roce 1934\u00a0 byl zalo\u017een p\u0159i sboru Sportovn\u00ed\u00a0 odbor hasi\u010d\u016f, jeho\u017e hlavn\u00edn\u00e1pln\u00ed bylo b\u011bhati za fotbalovou mi\u010dudou. &nbsp;Velkou&nbsp; z\u00e1sluhu na&nbsp; tom p\u0159edev\u0161\u00edm&nbsp; m\u011bli Bohou\u0161&nbsp; Kruntor\u00e1d a Karel \u010capek,d\u00e1le&nbsp; ve veden\u00ed&nbsp; byli Janov\u00e9&nbsp; Rejnek a&nbsp; \u0158\u00edha, V.&nbsp; Klimpt, Josefov\u00e9&nbsp; Mareka Ber\u00e1nek. &nbsp;&nbsp; nov\u00fd rok &#8211; podn\u011bl\u00ed &nbsp;&nbsp; 1.7. ned\u011ble &nbsp;&nbsp; 13.7. p\u00e1tek 15.7. pout &nbsp;&nbsp; 1.8. &hellip; <\/p>\n<p class=\"link-more\"><a href=\"https:\/\/tjsokollucice.cz\/index.php\/prvni-zapas-klubu-na-vankatove-louce\/\" class=\"more-link\">Pokra\u010dovat ve \u010dten\u00ed<span class=\"screen-reader-text\"> &#8220;Prvn\u00ed z\u00e1pas klubu na Va\u0148k\u00e1tov\u011b louce&#8221;<\/span><\/a><\/p>\n","protected":false},"author":3,"featured_media":0,"parent":0,"menu_order":0,"comment_status":"closed","ping_status":"closed","template":"","meta":{"footnotes":""},"class_list":["post-715","page","type-page","status-publish","hentry"],"yoast_head":"<!-- This site is optimized with the Yoast SEO plugin v27.4 - https:\/\/yoast.com\/product\/yoast-seo-wordpress\/ -->\n<title>Prvn\u00ed z\u00e1pas klubu na Va\u0148k\u00e1tov\u011b louce - TJ Sokol Lu\u010dice<\/title>\n<meta name=\"robots\" content=\"index, follow, max-snippet:-1, max-image-preview:large, max-video-preview:-1\" \/>\n<link rel=\"canonical\" href=\"https:\/\/tjsokollucice.cz\/index.php\/prvni-zapas-klubu-na-vankatove-louce\/\" \/>\n<meta property=\"og:locale\" content=\"cs_CZ\" \/>\n<meta property=\"og:type\" content=\"article\" \/>\n<meta property=\"og:title\" content=\"Prvn\u00ed z\u00e1pas klubu na Va\u0148k\u00e1tov\u011b louce - TJ Sokol Lu\u010dice\" \/>\n<meta property=\"og:description\" content=\"\u00a0V roce 1934\u00a0 byl zalo\u017een p\u0159i sboru Sportovn\u00ed\u00a0 odbor hasi\u010d\u016f, jeho\u017e hlavn\u00edn\u00e1pln\u00ed bylo b\u011bhati za fotbalovou mi\u010dudou. &nbsp;Velkou&nbsp; z\u00e1sluhu na&nbsp; tom p\u0159edev\u0161\u00edm&nbsp; m\u011bli Bohou\u0161&nbsp; Kruntor\u00e1d a Karel \u010capek,d\u00e1le&nbsp; ve veden\u00ed&nbsp; byli Janov\u00e9&nbsp; Rejnek a&nbsp; \u0158\u00edha, V.&nbsp; Klimpt, Josefov\u00e9&nbsp; Mareka Ber\u00e1nek. &nbsp;&nbsp; nov\u00fd rok &#8211; podn\u011bl\u00ed &nbsp;&nbsp; 1.7. ned\u011ble &nbsp;&nbsp; 13.7. p\u00e1tek 15.7. pout &nbsp;&nbsp; 1.8. &hellip; Pokra\u010dovat ve \u010dten\u00ed &quot;Prvn\u00ed z\u00e1pas klubu na Va\u0148k\u00e1tov\u011b louce&quot;\" \/>\n<meta property=\"og:url\" content=\"https:\/\/tjsokollucice.cz\/index.php\/prvni-zapas-klubu-na-vankatove-louce\/\" \/>\n<meta property=\"og:site_name\" content=\"TJ Sokol Lu\u010dice\" \/>\n<meta property=\"article:modified_time\" content=\"2021-05-16T10:14:21+00:00\" \/>\n<meta name=\"twitter:card\" content=\"summary_large_image\" \/>\n<meta name=\"twitter:label1\" content=\"Odhadovan\u00e1 doba \u010dten\u00ed\" \/>\n\t<meta name=\"twitter:data1\" content=\"6 minut\" \/>\n<script type=\"application\/ld+json\" class=\"yoast-schema-graph\">{\"@context\":\"https:\\\/\\\/schema.org\",\"@graph\":[{\"@type\":\"WebPage\",\"@id\":\"https:\\\/\\\/tjsokollucice.cz\\\/index.php\\\/prvni-zapas-klubu-na-vankatove-louce\\\/\",\"url\":\"https:\\\/\\\/tjsokollucice.cz\\\/index.php\\\/prvni-zapas-klubu-na-vankatove-louce\\\/\",\"name\":\"Prvn\u00ed z\u00e1pas klubu na Va\u0148k\u00e1tov\u011b louce - TJ Sokol Lu\u010dice\",\"isPartOf\":{\"@id\":\"https:\\\/\\\/tjsokollucice.cz\\\/#website\"},\"datePublished\":\"2021-05-16T10:11:31+00:00\",\"dateModified\":\"2021-05-16T10:14:21+00:00\",\"breadcrumb\":{\"@id\":\"https:\\\/\\\/tjsokollucice.cz\\\/index.php\\\/prvni-zapas-klubu-na-vankatove-louce\\\/#breadcrumb\"},\"inLanguage\":\"cs\",\"potentialAction\":[{\"@type\":\"ReadAction\",\"target\":[\"https:\\\/\\\/tjsokollucice.cz\\\/index.php\\\/prvni-zapas-klubu-na-vankatove-louce\\\/\"]}]},{\"@type\":\"BreadcrumbList\",\"@id\":\"https:\\\/\\\/tjsokollucice.cz\\\/index.php\\\/prvni-zapas-klubu-na-vankatove-louce\\\/#breadcrumb\",\"itemListElement\":[{\"@type\":\"ListItem\",\"position\":1,\"name\":\"Dom\u016f\",\"item\":\"https:\\\/\\\/tjsokollucice.cz\\\/\"},{\"@type\":\"ListItem\",\"position\":2,\"name\":\"Prvn\u00ed z\u00e1pas klubu na Va\u0148k\u00e1tov\u011b louce\"}]},{\"@type\":\"WebSite\",\"@id\":\"https:\\\/\\\/tjsokollucice.cz\\\/#website\",\"url\":\"https:\\\/\\\/tjsokollucice.cz\\\/\",\"name\":\"TJ Sokol Lu\u010dice\",\"description\":\"Fotbalov\u00fd klub TJ Sokol Lu\u010dice\",\"publisher\":{\"@id\":\"https:\\\/\\\/tjsokollucice.cz\\\/#organization\"},\"potentialAction\":[{\"@type\":\"SearchAction\",\"target\":{\"@type\":\"EntryPoint\",\"urlTemplate\":\"https:\\\/\\\/tjsokollucice.cz\\\/?s={search_term_string}\"},\"query-input\":{\"@type\":\"PropertyValueSpecification\",\"valueRequired\":true,\"valueName\":\"search_term_string\"}}],\"inLanguage\":\"cs\"},{\"@type\":\"Organization\",\"@id\":\"https:\\\/\\\/tjsokollucice.cz\\\/#organization\",\"name\":\"TJ Sokol Lu\u010dice\",\"url\":\"https:\\\/\\\/tjsokollucice.cz\\\/\",\"logo\":{\"@type\":\"ImageObject\",\"inLanguage\":\"cs\",\"@id\":\"https:\\\/\\\/tjsokollucice.cz\\\/#\\\/schema\\\/logo\\\/image\\\/\",\"url\":\"https:\\\/\\\/tjsokollucice.cz\\\/wp-content\\\/uploads\\\/2019\\\/11\\\/cropped-Tj-sokol-Lucice-logo-scaled.png\",\"contentUrl\":\"https:\\\/\\\/tjsokollucice.cz\\\/wp-content\\\/uploads\\\/2019\\\/11\\\/cropped-Tj-sokol-Lucice-logo-scaled.png\",\"width\":249,\"height\":250,\"caption\":\"TJ Sokol Lu\u010dice\"},\"image\":{\"@id\":\"https:\\\/\\\/tjsokollucice.cz\\\/#\\\/schema\\\/logo\\\/image\\\/\"}}]}<\/script>\n<!-- \/ Yoast SEO plugin. -->","yoast_head_json":{"title":"Prvn\u00ed z\u00e1pas klubu na Va\u0148k\u00e1tov\u011b louce - TJ Sokol Lu\u010dice","robots":{"index":"index","follow":"follow","max-snippet":"max-snippet:-1","max-image-preview":"max-image-preview:large","max-video-preview":"max-video-preview:-1"},"canonical":"https:\/\/tjsokollucice.cz\/index.php\/prvni-zapas-klubu-na-vankatove-louce\/","og_locale":"cs_CZ","og_type":"article","og_title":"Prvn\u00ed z\u00e1pas klubu na Va\u0148k\u00e1tov\u011b louce - TJ Sokol Lu\u010dice","og_description":"\u00a0V roce 1934\u00a0 byl zalo\u017een p\u0159i sboru Sportovn\u00ed\u00a0 odbor hasi\u010d\u016f, jeho\u017e hlavn\u00edn\u00e1pln\u00ed bylo b\u011bhati za fotbalovou mi\u010dudou. &nbsp;Velkou&nbsp; z\u00e1sluhu na&nbsp; tom p\u0159edev\u0161\u00edm&nbsp; m\u011bli Bohou\u0161&nbsp; Kruntor\u00e1d a Karel \u010capek,d\u00e1le&nbsp; ve veden\u00ed&nbsp; byli Janov\u00e9&nbsp; Rejnek a&nbsp; \u0158\u00edha, V.&nbsp; Klimpt, Josefov\u00e9&nbsp; Mareka Ber\u00e1nek. &nbsp;&nbsp; nov\u00fd rok &#8211; podn\u011bl\u00ed &nbsp;&nbsp; 1.7. ned\u011ble &nbsp;&nbsp; 13.7. p\u00e1tek 15.7. pout &nbsp;&nbsp; 1.8. &hellip; Pokra\u010dovat ve \u010dten\u00ed \"Prvn\u00ed z\u00e1pas klubu na Va\u0148k\u00e1tov\u011b louce\"","og_url":"https:\/\/tjsokollucice.cz\/index.php\/prvni-zapas-klubu-na-vankatove-louce\/","og_site_name":"TJ Sokol Lu\u010dice","article_modified_time":"2021-05-16T10:14:21+00:00","twitter_card":"summary_large_image","twitter_misc":{"Odhadovan\u00e1 doba \u010dten\u00ed":"6 minut"},"schema":{"@context":"https:\/\/schema.org","@graph":[{"@type":"WebPage","@id":"https:\/\/tjsokollucice.cz\/index.php\/prvni-zapas-klubu-na-vankatove-louce\/","url":"https:\/\/tjsokollucice.cz\/index.php\/prvni-zapas-klubu-na-vankatove-louce\/","name":"Prvn\u00ed z\u00e1pas klubu na Va\u0148k\u00e1tov\u011b louce - TJ Sokol Lu\u010dice","isPartOf":{"@id":"https:\/\/tjsokollucice.cz\/#website"},"datePublished":"2021-05-16T10:11:31+00:00","dateModified":"2021-05-16T10:14:21+00:00","breadcrumb":{"@id":"https:\/\/tjsokollucice.cz\/index.php\/prvni-zapas-klubu-na-vankatove-louce\/#breadcrumb"},"inLanguage":"cs","potentialAction":[{"@type":"ReadAction","target":["https:\/\/tjsokollucice.cz\/index.php\/prvni-zapas-klubu-na-vankatove-louce\/"]}]},{"@type":"BreadcrumbList","@id":"https:\/\/tjsokollucice.cz\/index.php\/prvni-zapas-klubu-na-vankatove-louce\/#breadcrumb","itemListElement":[{"@type":"ListItem","position":1,"name":"Dom\u016f","item":"https:\/\/tjsokollucice.cz\/"},{"@type":"ListItem","position":2,"name":"Prvn\u00ed z\u00e1pas klubu na Va\u0148k\u00e1tov\u011b louce"}]},{"@type":"WebSite","@id":"https:\/\/tjsokollucice.cz\/#website","url":"https:\/\/tjsokollucice.cz\/","name":"TJ Sokol Lu\u010dice","description":"Fotbalov\u00fd klub TJ Sokol Lu\u010dice","publisher":{"@id":"https:\/\/tjsokollucice.cz\/#organization"},"potentialAction":[{"@type":"SearchAction","target":{"@type":"EntryPoint","urlTemplate":"https:\/\/tjsokollucice.cz\/?s={search_term_string}"},"query-input":{"@type":"PropertyValueSpecification","valueRequired":true,"valueName":"search_term_string"}}],"inLanguage":"cs"},{"@type":"Organization","@id":"https:\/\/tjsokollucice.cz\/#organization","name":"TJ Sokol Lu\u010dice","url":"https:\/\/tjsokollucice.cz\/","logo":{"@type":"ImageObject","inLanguage":"cs","@id":"https:\/\/tjsokollucice.cz\/#\/schema\/logo\/image\/","url":"https:\/\/tjsokollucice.cz\/wp-content\/uploads\/2019\/11\/cropped-Tj-sokol-Lucice-logo-scaled.png","contentUrl":"https:\/\/tjsokollucice.cz\/wp-content\/uploads\/2019\/11\/cropped-Tj-sokol-Lucice-logo-scaled.png","width":249,"height":250,"caption":"TJ Sokol Lu\u010dice"},"image":{"@id":"https:\/\/tjsokollucice.cz\/#\/schema\/logo\/image\/"}}]}},"_links":{"self":[{"href":"https:\/\/tjsokollucice.cz\/index.php\/wp-json\/wp\/v2\/pages\/715","targetHints":{"allow":["GET"]}}],"collection":[{"href":"https:\/\/tjsokollucice.cz\/index.php\/wp-json\/wp\/v2\/pages"}],"about":[{"href":"https:\/\/tjsokollucice.cz\/index.php\/wp-json\/wp\/v2\/types\/page"}],"author":[{"embeddable":true,"href":"https:\/\/tjsokollucice.cz\/index.php\/wp-json\/wp\/v2\/users\/3"}],"replies":[{"embeddable":true,"href":"https:\/\/tjsokollucice.cz\/index.php\/wp-json\/wp\/v2\/comments?post=715"}],"version-history":[{"count":3,"href":"https:\/\/tjsokollucice.cz\/index.php\/wp-json\/wp\/v2\/pages\/715\/revisions"}],"predecessor-version":[{"id":718,"href":"https:\/\/tjsokollucice.cz\/index.php\/wp-json\/wp\/v2\/pages\/715\/revisions\/718"}],"wp:attachment":[{"href":"https:\/\/tjsokollucice.cz\/index.php\/wp-json\/wp\/v2\/media?parent=715"}],"curies":[{"name":"wp","href":"https:\/\/api.w.org\/{rel}","templated":true}]}}